{"id":1069,"date":"2024-02-19T15:05:12","date_gmt":"2024-02-19T15:05:12","guid":{"rendered":"https:\/\/grupgr.panelserver.org\/treballa-amb-nosaltres\/"},"modified":"2024-03-27T21:34:44","modified_gmt":"2024-03-27T21:34:44","slug":"treballa-amb-nosaltres","status":"publish","type":"page","link":"https:\/\/grupgr.com\/ca\/treballa-amb-nosaltres\/","title":{"rendered":"Treballa amb nosaltres"},"content":{"rendered":"\t\t<div data-elementor-type=\"wp-page\" data-elementor-id=\"1069\" class=\"elementor elementor-1069 elementor-210\" data-elementor-post-type=\"page\">\n\t\t\t\t<div class=\"elementor-element elementor-element-5433384 e-flex e-con-boxed e-con e-parent\" data-id=\"5433384\" data-element_type=\"container\" data-settings=\"{&quot;background_background&quot;:&quot;classic&quot;}\">\n\t\t\t\t\t<div class=\"e-con-inner\">\n\t\t<div class=\"elementor-element elementor-element-f526395 e-flex e-con-boxed e-con e-child\" data-id=\"f526395\" data-element_type=\"container\">\n\t\t\t\t\t<div class=\"e-con-inner\">\n\t\t<div class=\"elementor-element elementor-element-2494670 e-con-full e-flex elementor-invisible e-con e-child\" data-id=\"2494670\" data-element_type=\"container\" data-settings=\"{&quot;background_background&quot;:&quot;classic&quot;,&quot;animation&quot;:&quot;fadeInUp&quot;}\">\n\t\t\t\t<div class=\"elementor-element elementor-element-1338cf8 elementor-widget elementor-widget-text-editor\" data-id=\"1338cf8\" data-element_type=\"widget\" data-widget_type=\"text-editor.default\">\n\t\t\t\t<div class=\"elementor-widget-container\">\n\t\t\t\t\t\t\t\t\t<p>*<\/p>\n\t\t\t\t\t\t\t\t<\/div>\n\t\t\t\t<\/div>\n\t\t\t\t<div class=\"elementor-element elementor-element-20c8f22 elementor-widget elementor-widget-heading\" data-id=\"20c8f22\" data-element_type=\"widget\" data-widget_type=\"heading.default\">\n\t\t\t\t<div class=\"elementor-widget-container\">\n\t\t\t\t\t<h2 class=\"elementor-heading-title elementor-size-default\">Treballa amb nosaltres<\/h2>\t\t\t\t<\/div>\n\t\t\t\t<\/div>\n\t\t\t\t<\/div>\n\t\t<div class=\"elementor-element elementor-element-a627adf e-flex e-con-boxed e-con e-child\" data-id=\"a627adf\" data-element_type=\"container\">\n\t\t\t\t\t<div class=\"e-con-inner\">\n\t\t\t\t\t<\/div>\n\t\t\t\t<\/div>\n\t\t<div class=\"elementor-element elementor-element-9333149 e-flex e-con-boxed e-con e-child\" data-id=\"9333149\" data-element_type=\"container\">\n\t\t\t\t\t<div class=\"e-con-inner\">\n\t\t\t\t\t<\/div>\n\t\t\t\t<\/div>\n\t\t\t\t\t<\/div>\n\t\t\t\t<\/div>\n\t\t\t\t\t<\/div>\n\t\t\t\t<\/div>\n\t\t<div class=\"elementor-element elementor-element-6ec30ea e-con-full e-flex e-con e-parent\" data-id=\"6ec30ea\" data-element_type=\"container\">\n\t\t<div class=\"elementor-element elementor-element-e6d149a e-con-full e-flex e-con e-child\" data-id=\"e6d149a\" data-element_type=\"container\">\n\t\t\t\t<div class=\"elementor-element elementor-element-a6a6703 elementor-view-default elementor-widget elementor-widget-icon\" data-id=\"a6a6703\" data-element_type=\"widget\" data-widget_type=\"icon.default\">\n\t\t\t\t<div class=\"elementor-widget-container\">\n\t\t\t\t\t\t\t<div class=\"elementor-icon-wrapper\">\n\t\t\t<div class=\"elementor-icon\">\n\t\t\t<svg aria-hidden=\"true\" class=\"e-font-icon-svg e-fas-asterisk\" viewBox=\"0 0 512 512\" xmlns=\"http:\/\/www.w3.org\/2000\/svg\"><path d=\"M478.21 334.093L336 256l142.21-78.093c11.795-6.477 15.961-21.384 9.232-33.037l-19.48-33.741c-6.728-11.653-21.72-15.499-33.227-8.523L296 186.718l3.475-162.204C299.763 11.061 288.937 0 275.48 0h-38.96c-13.456 0-24.283 11.061-23.994 24.514L216 186.718 77.265 102.607c-11.506-6.976-26.499-3.13-33.227 8.523l-19.48 33.741c-6.728 11.653-2.562 26.56 9.233 33.037L176 256 33.79 334.093c-11.795 6.477-15.961 21.384-9.232 33.037l19.48 33.741c6.728 11.653 21.721 15.499 33.227 8.523L216 325.282l-3.475 162.204C212.237 500.939 223.064 512 236.52 512h38.961c13.456 0 24.283-11.061 23.995-24.514L296 325.282l138.735 84.111c11.506 6.976 26.499 3.13 33.227-8.523l19.48-33.741c6.728-11.653 2.563-26.559-9.232-33.036z\"><\/path><\/svg>\t\t\t<\/div>\n\t\t<\/div>\n\t\t\t\t\t\t<\/div>\n\t\t\t\t<\/div>\n\t\t\t\t<div class=\"elementor-element elementor-element-84e68d8 elementor-widget elementor-widget-text-editor\" data-id=\"84e68d8\" data-element_type=\"widget\" data-widget_type=\"text-editor.default\">\n\t\t\t\t<div class=\"elementor-widget-container\">\n\t\t\t\t\t\t\t\t\t<p>Vols formar part del nostre equip?<\/p>\n\t\t\t\t\t\t\t\t<\/div>\n\t\t\t\t<\/div>\n\t\t\t\t<div class=\"elementor-element elementor-element-e1113f8 elementor-widget elementor-widget-text-editor\" data-id=\"e1113f8\" data-element_type=\"widget\" data-widget_type=\"text-editor.default\">\n\t\t\t\t<div class=\"elementor-widget-container\">\n\t\t\t\t\t\t\t\t\t<p><strong>Busquem professionals especialitzats, enginyers en el sector de la construcci\u00f3 i gestors administratius<\/strong><\/p>\n\t\t\t\t\t\t\t\t<\/div>\n\t\t\t\t<\/div>\n\t\t\t\t<div class=\"elementor-element elementor-element-15a425d elementor-widget elementor-widget-text-editor\" data-id=\"15a425d\" data-element_type=\"widget\" data-widget_type=\"text-editor.default\">\n\t\t\t\t<div class=\"elementor-widget-container\">\n\t\t\t\t\t\t\t\t\t<p>Envia&#8217;ns el teu Curr\u00edculum i ens posarem en contacte amb tu.<\/p>\t\t\t\t\t\t\t\t<\/div>\n\t\t\t\t<\/div>\n\t\t\t\t<div class=\"elementor-element elementor-element-75bba8e elementor-widget elementor-widget-text-editor\" data-id=\"75bba8e\" data-element_type=\"widget\" data-widget_type=\"text-editor.default\">\n\t\t\t\t<div class=\"elementor-widget-container\">\n\t\t\t\t\t\t\t\t\t<p><strong>Has d&#8217;adjuntar obligat\u00f2riament el seg\u00fcent document signat sobre la base de la pol\u00edtica de protecci\u00f3 de dades:<\/strong><\/p>\n<p><a href=\"http:\/\/grupgr.panelserver.org\/wp-content\/uploads\/2024\/03\/CURRICULUM-EMPLEADOS.docx\">Cl\u00e0usula per a Curriculum vitae (Word)<\/a><\/p><\/p>\n\t\t\t\t\t\t\t\t<\/div>\n\t\t\t\t<\/div>\n\t\t\t\t<\/div>\n\t\t<div class=\"elementor-element elementor-element-5c25de6 e-con-full e-flex e-con e-child\" data-id=\"5c25de6\" data-element_type=\"container\" data-settings=\"{&quot;background_background&quot;:&quot;classic&quot;}\">\n\t\t\t\t<\/div>\n\t\t\t\t<\/div>\n\t\t<div class=\"elementor-element elementor-element-2f07723 e-flex e-con-boxed e-con e-parent\" data-id=\"2f07723\" data-element_type=\"container\">\n\t\t\t\t\t<div class=\"e-con-inner\">\n\t\t<div class=\"elementor-element elementor-element-5a8a6b2 e-con-full e-flex e-con e-child\" data-id=\"5a8a6b2\" data-element_type=\"container\">\n\t\t\t\t<\/div>\n\t\t<div class=\"elementor-element elementor-element-a0e2b0b e-con-full e-flex e-con e-child\" data-id=\"a0e2b0b\" data-element_type=\"container\">\n\t\t\t\t<div class=\"elementor-element elementor-element-6f7022d elementor-button-align-start elementor-widget elementor-widget-form\" data-id=\"6f7022d\" data-element_type=\"widget\" data-settings=\"{&quot;step_next_label&quot;:&quot;Next&quot;,&quot;step_previous_label&quot;:&quot;Previous&quot;,&quot;button_width&quot;:&quot;30&quot;,&quot;step_type&quot;:&quot;number_text&quot;,&quot;step_icon_shape&quot;:&quot;circle&quot;}\" data-widget_type=\"form.default\">\n\t\t\t\t<div class=\"elementor-widget-container\">\n\t\t\t\t\t\t\t<form class=\"elementor-form\" method=\"post\" name=\"New Form\">\n\t\t\t<input type=\"hidden\" name=\"post_id\" value=\"1069\"\/>\n\t\t\t<input type=\"hidden\" name=\"form_id\" value=\"6f7022d\"\/>\n\t\t\t<input type=\"hidden\" name=\"referer_title\" value=\"L.C. Ejecuci\u00f3n de obras\" \/>\n\n\t\t\t\n\t\t\t<div class=\"elementor-form-fields-wrapper elementor-labels-\">\n\t\t\t\t\t\t\t\t<div class=\"elementor-field-type-text elementor-field-group elementor-column elementor-field-group-name elementor-col-100\">\n\t\t\t\t\t\t\t\t\t\t\t\t<label for=\"form-field-name\" class=\"elementor-field-label elementor-screen-only\">\n\t\t\t\t\t\t\t\tNom\t\t\t\t\t\t\t<\/label>\n\t\t\t\t\t\t\t\t\t\t\t\t\t\t<input size=\"1\" type=\"text\" name=\"form_fields[name]\" id=\"form-field-name\" class=\"elementor-field elementor-size-sm  elementor-field-textual\" placeholder=\"Nom\">\n\t\t\t\t\t\t\t\t\t\t\t<\/div>\n\t\t\t\t\t\t\t\t<div class=\"elementor-field-type-email elementor-field-group elementor-column elementor-field-group-email elementor-col-100 elementor-field-required\">\n\t\t\t\t\t\t\t\t\t\t\t\t<label for=\"form-field-email\" class=\"elementor-field-label elementor-screen-only\">\n\t\t\t\t\t\t\t\tEmail\t\t\t\t\t\t\t<\/label>\n\t\t\t\t\t\t\t\t\t\t\t\t\t\t<input size=\"1\" type=\"email\" name=\"form_fields[email]\" id=\"form-field-email\" class=\"elementor-field elementor-size-sm  elementor-field-textual\" placeholder=\"Email\" required=\"required\" aria-required=\"true\">\n\t\t\t\t\t\t\t\t\t\t\t<\/div>\n\t\t\t\t\t\t\t\t<div class=\"elementor-field-type-textarea elementor-field-group elementor-column elementor-field-group-message elementor-col-100\">\n\t\t\t\t\t\t\t\t\t\t\t\t<label for=\"form-field-message\" class=\"elementor-field-label elementor-screen-only\">\n\t\t\t\t\t\t\t\tMissatge\t\t\t\t\t\t\t<\/label>\n\t\t\t\t\t\t<textarea class=\"elementor-field-textual elementor-field  elementor-size-sm\" name=\"form_fields[message]\" id=\"form-field-message\" rows=\"4\" placeholder=\"Missatge\"><\/textarea>\t\t\t\t<\/div>\n\t\t\t\t\t\t\t\t<div class=\"elementor-field-type-upload elementor-field-group elementor-column elementor-field-group-field_6cc6e51 elementor-col-100 elementor-field-required\">\n\t\t\t\t\t\t\t\t\t\t\t\t<label for=\"form-field-field_6cc6e51\" class=\"elementor-field-label elementor-screen-only\">\n\t\t\t\t\t\t\t\tArxiu\t\t\t\t\t\t\t<\/label>\n\t\t\t\t\t\t\t\t<input type=\"file\" name=\"form_fields[field_6cc6e51]\" id=\"form-field-field_6cc6e51\" class=\"elementor-field elementor-size-sm  elementor-upload-field\" required=\"required\" aria-required=\"true\" data-maxsize=\"10\" data-maxsize-message=\"This file exceeds the maximum allowed size.\">\n\n\t\t\t\t\t\t<\/div>\n\t\t\t\t\t\t\t\t<div class=\"elementor-field-group elementor-column elementor-field-type-submit elementor-col-30 e-form__buttons\">\n\t\t\t\t\t<button class=\"elementor-button elementor-size-sm\" type=\"submit\">\n\t\t\t\t\t\t<span class=\"elementor-button-content-wrapper\">\n\t\t\t\t\t\t\t\t\t\t\t\t\t\t\t\t\t\t\t\t\t\t<span class=\"elementor-button-text\">Enviar<\/span>\n\t\t\t\t\t\t\t\t\t\t\t\t\t<\/span>\n\t\t\t\t\t<\/button>\n\t\t\t\t<\/div>\n\t\t\t<\/div>\n\t\t<\/form>\n\t\t\t\t\t\t<\/div>\n\t\t\t\t<\/div>\n\t\t\t\t<\/div>\n\t\t\t\t\t<\/div>\n\t\t\t\t<\/div>\n\t\t\t\t<\/div>\n\t\t","protected":false},"excerpt":{"rendered":"<p>* Treballa amb nosaltres Vols formar part del nostre equip? Busquem professionals especialitzats, enginyers en el sector de la construcci\u00f3 i gestors administratius Envia&#8217;ns el teu Curr\u00edculum i ens posarem en contacte amb tu. Has d&#8217;adjuntar obligat\u00f2riament el seg\u00fcent document signat sobre la base de la pol\u00edtica de protecci\u00f3 de dades: Cl\u00e0usula per a Curriculum [&hellip;]<\/p>\n","protected":false},"author":1,"featured_media":0,"parent":0,"menu_order":0,"comment_status":"closed","ping_status":"closed","template":"elementor_header_footer","meta":{"footnotes":""},"class_list":["post-1069","page","type-page","status-publish","hentry"],"yoast_head":"<!-- This site is optimized with the Yoast SEO plugin v24.2 - https:\/\/yoast.com\/wordpress\/plugins\/seo\/ -->\n<title>Treballa amb nosaltres - L.C. Ejecuci\u00f3n de obras<\/title>\n<meta name=\"robots\" content=\"index, follow, max-snippet:-1, max-image-preview:large, max-video-preview:-1\" \/>\n<link rel=\"canonical\" href=\"https:\/\/grupgr.com\/ca\/treballa-amb-nosaltres\/\" \/>\n<meta property=\"og:locale\" content=\"ca_ES\" \/>\n<meta property=\"og:type\" content=\"article\" \/>\n<meta property=\"og:title\" content=\"Treballa amb nosaltres - L.C. Ejecuci\u00f3n de obras\" \/>\n<meta property=\"og:description\" content=\"* Treballa amb nosaltres Vols formar part del nostre equip? Busquem professionals especialitzats, enginyers en el sector de la construcci\u00f3 i gestors administratius Envia&#8217;ns el teu Curr\u00edculum i ens posarem en contacte amb tu. Has d&#8217;adjuntar obligat\u00f2riament el seg\u00fcent document signat sobre la base de la pol\u00edtica de protecci\u00f3 de dades: Cl\u00e0usula per a Curriculum [&hellip;]\" \/>\n<meta property=\"og:url\" content=\"https:\/\/grupgr.com\/ca\/treballa-amb-nosaltres\/\" \/>\n<meta property=\"og:site_name\" content=\"L.C. Ejecuci\u00f3n de obras\" \/>\n<meta property=\"article:modified_time\" content=\"2024-03-27T21:34:44+00:00\" \/>\n<meta name=\"twitter:card\" content=\"summary_large_image\" \/>\n<meta name=\"twitter:label1\" content=\"Temps estimat de lectura\" \/>\n\t<meta name=\"twitter:data1\" content=\"1 minut\" \/>\n<script type=\"application\/ld+json\" class=\"yoast-schema-graph\">{\"@context\":\"https:\/\/schema.org\",\"@graph\":[{\"@type\":\"WebPage\",\"@id\":\"https:\/\/grupgr.com\/ca\/treballa-amb-nosaltres\/\",\"url\":\"https:\/\/grupgr.com\/ca\/treballa-amb-nosaltres\/\",\"name\":\"Treballa amb nosaltres - L.C. Ejecuci\u00f3n de obras\",\"isPartOf\":{\"@id\":\"https:\/\/grupgr.com\/ca\/#website\"},\"datePublished\":\"2024-02-19T15:05:12+00:00\",\"dateModified\":\"2024-03-27T21:34:44+00:00\",\"breadcrumb\":{\"@id\":\"https:\/\/grupgr.com\/ca\/treballa-amb-nosaltres\/#breadcrumb\"},\"inLanguage\":\"ca\",\"potentialAction\":[{\"@type\":\"ReadAction\",\"target\":[\"https:\/\/grupgr.com\/ca\/treballa-amb-nosaltres\/\"]}]},{\"@type\":\"BreadcrumbList\",\"@id\":\"https:\/\/grupgr.com\/ca\/treballa-amb-nosaltres\/#breadcrumb\",\"itemListElement\":[{\"@type\":\"ListItem\",\"position\":1,\"name\":\"Portada\",\"item\":\"https:\/\/grupgr.com\/ca\/\"},{\"@type\":\"ListItem\",\"position\":2,\"name\":\"Treballa amb nosaltres\"}]},{\"@type\":\"WebSite\",\"@id\":\"https:\/\/grupgr.com\/ca\/#website\",\"url\":\"https:\/\/grupgr.com\/ca\/\",\"name\":\"L.C. Ejecuci\u00f3n de obras\",\"description\":\"\",\"potentialAction\":[{\"@type\":\"SearchAction\",\"target\":{\"@type\":\"EntryPoint\",\"urlTemplate\":\"https:\/\/grupgr.com\/ca\/?s={search_term_string}\"},\"query-input\":{\"@type\":\"PropertyValueSpecification\",\"valueRequired\":true,\"valueName\":\"search_term_string\"}}],\"inLanguage\":\"ca\"}]}<\/script>\n<!-- \/ Yoast SEO plugin. -->","yoast_head_json":{"title":"Treballa amb nosaltres - L.C. Ejecuci\u00f3n de obras","robots":{"index":"index","follow":"follow","max-snippet":"max-snippet:-1","max-image-preview":"max-image-preview:large","max-video-preview":"max-video-preview:-1"},"canonical":"https:\/\/grupgr.com\/ca\/treballa-amb-nosaltres\/","og_locale":"ca_ES","og_type":"article","og_title":"Treballa amb nosaltres - L.C. Ejecuci\u00f3n de obras","og_description":"* Treballa amb nosaltres Vols formar part del nostre equip? Busquem professionals especialitzats, enginyers en el sector de la construcci\u00f3 i gestors administratius Envia&#8217;ns el teu Curr\u00edculum i ens posarem en contacte amb tu. Has d&#8217;adjuntar obligat\u00f2riament el seg\u00fcent document signat sobre la base de la pol\u00edtica de protecci\u00f3 de dades: Cl\u00e0usula per a Curriculum [&hellip;]","og_url":"https:\/\/grupgr.com\/ca\/treballa-amb-nosaltres\/","og_site_name":"L.C. Ejecuci\u00f3n de obras","article_modified_time":"2024-03-27T21:34:44+00:00","twitter_card":"summary_large_image","twitter_misc":{"Temps estimat de lectura":"1 minut"},"schema":{"@context":"https:\/\/schema.org","@graph":[{"@type":"WebPage","@id":"https:\/\/grupgr.com\/ca\/treballa-amb-nosaltres\/","url":"https:\/\/grupgr.com\/ca\/treballa-amb-nosaltres\/","name":"Treballa amb nosaltres - L.C. Ejecuci\u00f3n de obras","isPartOf":{"@id":"https:\/\/grupgr.com\/ca\/#website"},"datePublished":"2024-02-19T15:05:12+00:00","dateModified":"2024-03-27T21:34:44+00:00","breadcrumb":{"@id":"https:\/\/grupgr.com\/ca\/treballa-amb-nosaltres\/#breadcrumb"},"inLanguage":"ca","potentialAction":[{"@type":"ReadAction","target":["https:\/\/grupgr.com\/ca\/treballa-amb-nosaltres\/"]}]},{"@type":"BreadcrumbList","@id":"https:\/\/grupgr.com\/ca\/treballa-amb-nosaltres\/#breadcrumb","itemListElement":[{"@type":"ListItem","position":1,"name":"Portada","item":"https:\/\/grupgr.com\/ca\/"},{"@type":"ListItem","position":2,"name":"Treballa amb nosaltres"}]},{"@type":"WebSite","@id":"https:\/\/grupgr.com\/ca\/#website","url":"https:\/\/grupgr.com\/ca\/","name":"L.C. Ejecuci\u00f3n de obras","description":"","potentialAction":[{"@type":"SearchAction","target":{"@type":"EntryPoint","urlTemplate":"https:\/\/grupgr.com\/ca\/?s={search_term_string}"},"query-input":{"@type":"PropertyValueSpecification","valueRequired":true,"valueName":"search_term_string"}}],"inLanguage":"ca"}]}},"_links":{"self":[{"href":"https:\/\/grupgr.com\/ca\/wp-json\/wp\/v2\/pages\/1069","targetHints":{"allow":["GET"]}}],"collection":[{"href":"https:\/\/grupgr.com\/ca\/wp-json\/wp\/v2\/pages"}],"about":[{"href":"https:\/\/grupgr.com\/ca\/wp-json\/wp\/v2\/types\/page"}],"author":[{"embeddable":true,"href":"https:\/\/grupgr.com\/ca\/wp-json\/wp\/v2\/users\/1"}],"replies":[{"embeddable":true,"href":"https:\/\/grupgr.com\/ca\/wp-json\/wp\/v2\/comments?post=1069"}],"version-history":[{"count":12,"href":"https:\/\/grupgr.com\/ca\/wp-json\/wp\/v2\/pages\/1069\/revisions"}],"predecessor-version":[{"id":1276,"href":"https:\/\/grupgr.com\/ca\/wp-json\/wp\/v2\/pages\/1069\/revisions\/1276"}],"wp:attachment":[{"href":"https:\/\/grupgr.com\/ca\/wp-json\/wp\/v2\/media?parent=1069"}],"curies":[{"name":"wp","href":"https:\/\/api.w.org\/{rel}","templated":true}]}}