{"id":1065,"date":"2024-02-15T11:14:59","date_gmt":"2024-02-15T11:14:59","guid":{"rendered":"https:\/\/grupgr.panelserver.org\/serveis\/"},"modified":"2024-03-27T13:12:06","modified_gmt":"2024-03-27T13:12:06","slug":"serveis","status":"publish","type":"page","link":"https:\/\/grupgr.com\/ca\/serveis\/","title":{"rendered":"Serveis"},"content":{"rendered":"\t\t<div data-elementor-type=\"wp-page\" data-elementor-id=\"1065\" class=\"elementor elementor-1065 elementor-78\" data-elementor-post-type=\"page\">\n\t\t\t\t<div class=\"elementor-element elementor-element-147d3d6 e-flex e-con-boxed e-con e-parent\" data-id=\"147d3d6\" data-element_type=\"container\" data-settings=\"{&quot;background_background&quot;:&quot;classic&quot;}\">\n\t\t\t\t\t<div class=\"e-con-inner\">\n\t\t<div class=\"elementor-element elementor-element-38d9263 e-flex e-con-boxed e-con e-child\" data-id=\"38d9263\" data-element_type=\"container\">\n\t\t\t\t\t<div class=\"e-con-inner\">\n\t\t<div class=\"elementor-element elementor-element-fbc3a7a e-con-full e-flex elementor-invisible e-con e-child\" data-id=\"fbc3a7a\" data-element_type=\"container\" data-settings=\"{&quot;background_background&quot;:&quot;classic&quot;,&quot;animation&quot;:&quot;fadeInUp&quot;}\">\n\t\t\t\t<div class=\"elementor-element elementor-element-61762f4 elementor-widget elementor-widget-text-editor\" data-id=\"61762f4\" data-element_type=\"widget\" data-widget_type=\"text-editor.default\">\n\t\t\t\t<div class=\"elementor-widget-container\">\n\t\t\t\t\t\t\t\t\t<p>*<\/p>\n\t\t\t\t\t\t\t\t<\/div>\n\t\t\t\t<\/div>\n\t\t\t\t<div class=\"elementor-element elementor-element-4f5c4fa elementor-widget elementor-widget-heading\" data-id=\"4f5c4fa\" data-element_type=\"widget\" data-widget_type=\"heading.default\">\n\t\t\t\t<div class=\"elementor-widget-container\">\n\t\t\t\t\t<h2 class=\"elementor-heading-title elementor-size-default\">Serveis<\/h2>\t\t\t\t<\/div>\n\t\t\t\t<\/div>\n\t\t\t\t<div class=\"elementor-element elementor-element-ecd606b elementor-widget elementor-widget-heading\" data-id=\"ecd606b\" data-element_type=\"widget\" data-widget_type=\"heading.default\">\n\t\t\t\t<div class=\"elementor-widget-container\">\n\t\t\t\t\t<h1 class=\"elementor-heading-title elementor-size-default\">Especialistes en Fonamentacions I Estructures de Formig\u00f3 armat per als teus projectes<\/h1>\t\t\t\t<\/div>\n\t\t\t\t<\/div>\n\t\t\t\t<\/div>\n\t\t<div class=\"elementor-element elementor-element-1a9321f e-flex e-con-boxed e-con e-child\" data-id=\"1a9321f\" data-element_type=\"container\">\n\t\t\t\t\t<div class=\"e-con-inner\">\n\t\t\t\t\t<\/div>\n\t\t\t\t<\/div>\n\t\t<div class=\"elementor-element elementor-element-29e5893 e-flex e-con-boxed e-con e-child\" data-id=\"29e5893\" data-element_type=\"container\">\n\t\t\t\t\t<div class=\"e-con-inner\">\n\t\t\t\t\t<\/div>\n\t\t\t\t<\/div>\n\t\t\t\t\t<\/div>\n\t\t\t\t<\/div>\n\t\t\t\t\t<\/div>\n\t\t\t\t<\/div>\n\t\t<div class=\"elementor-element elementor-element-f42bd4e e-flex e-con-boxed e-con e-parent\" data-id=\"f42bd4e\" data-element_type=\"container\">\n\t\t\t\t\t<div class=\"e-con-inner\">\n\t\t\t\t<div class=\"elementor-element elementor-element-201d5e0 elementor-widget elementor-widget-text-editor\" data-id=\"201d5e0\" data-element_type=\"widget\" data-widget_type=\"text-editor.default\">\n\t\t\t\t<div class=\"elementor-widget-container\">\n\t\t\t\t\t\t\t\t\t<p><span class=\"OYPEnA text-decoration-none text-strikethrough-none\">Som aqu\u00ed per a ajudar-te<br \/>en tot el que necessitis!<\/span><\/p>\n\t\t\t\t\t\t\t\t<\/div>\n\t\t\t\t<\/div>\n\t\t\t\t<div class=\"elementor-element elementor-element-e94c367 elementor-widget elementor-widget-text-editor\" data-id=\"e94c367\" data-element_type=\"widget\" data-widget_type=\"text-editor.default\">\n\t\t\t\t<div class=\"elementor-widget-container\">\n\t\t\t\t\t\t\t\t\t<p><span class=\"OYPEnA text-decoration-none text-strikethrough-none\">El nostre objectiu \u00e9s encarregar-nos de la gesti\u00f3 completa de l&#8217;obra contractada, des del replanteig inicial fins al lliurament final. Aix\u00f2 inclou el control dels treballs d&#8217;excavaci\u00f3, l&#8217;organitzaci\u00f3 i coordinaci\u00f3 de tots els industrials participants, aix\u00ed com la constant comunicaci\u00f3 amb els representants de la propietat, la direcci\u00f3 facultativa, els organismes de control t\u00e8cnic i el coordinador de seguretat i higiene.<\/span><\/p>\n\t\t\t\t\t\t\t\t<\/div>\n\t\t\t\t<\/div>\n\t\t\t\t<div class=\"elementor-element elementor-element-bc36a68 elementor-widget elementor-widget-text-editor\" data-id=\"bc36a68\" data-element_type=\"widget\" data-widget_type=\"text-editor.default\">\n\t\t\t\t<div class=\"elementor-widget-container\">\n\t\t\t\t\t\t\t\t\t<p><strong><span class=\"OYPEnA text-decoration-none text-strikethrough-none\">Treballem des de la formaci\u00f3 i la prevenci\u00f3 per a aconseguir la m\u00e0xima seguretat: #ceroaccidenteslaborales<\/span><\/strong><\/p>\n\t\t\t\t\t\t\t\t<\/div>\n\t\t\t\t<\/div>\n\t\t<div class=\"elementor-element elementor-element-08601f8 e-flex e-con-boxed e-con e-child\" data-id=\"08601f8\" data-element_type=\"container\">\n\t\t\t\t\t<div class=\"e-con-inner\">\n\t\t<div class=\"elementor-element elementor-element-ce86845 e-flex e-con-boxed e-con e-child\" data-id=\"ce86845\" data-element_type=\"container\" data-settings=\"{&quot;background_background&quot;:&quot;classic&quot;}\">\n\t\t\t\t\t<div class=\"e-con-inner\">\n\t\t\t\t<div class=\"elementor-element elementor-element-58eec13 elementor-widget elementor-widget-text-editor\" data-id=\"58eec13\" data-element_type=\"widget\" data-widget_type=\"text-editor.default\">\n\t\t\t\t<div class=\"elementor-widget-container\">\n\t\t\t\t\t\t\t\t\t<p>Replantejos<\/p>\n\t\t\t\t\t\t\t\t<\/div>\n\t\t\t\t<\/div>\n\t\t\t\t<div class=\"elementor-element elementor-element-dd4b5bc elementor-widget elementor-widget-text-editor\" data-id=\"dd4b5bc\" data-element_type=\"widget\" data-widget_type=\"text-editor.default\">\n\t\t\t\t<div class=\"elementor-widget-container\">\n\t\t\t\t\t\t\t\t\t<p>La precisi\u00f3 en la ubicaci\u00f3 inicial de les dimensions del projecte, garanteix la seva correcta execuci\u00f3 i durabilitat.<\/p>\n\t\t\t\t\t\t\t\t<\/div>\n\t\t\t\t<\/div>\n\t\t\t\t\t<\/div>\n\t\t\t\t<\/div>\n\t\t<div class=\"elementor-element elementor-element-c338e2a e-flex e-con-boxed e-con e-child\" data-id=\"c338e2a\" data-element_type=\"container\" data-settings=\"{&quot;background_background&quot;:&quot;classic&quot;}\">\n\t\t\t\t\t<div class=\"e-con-inner\">\n\t\t\t\t<div class=\"elementor-element elementor-element-9bdff40 elementor-widget elementor-widget-text-editor\" data-id=\"9bdff40\" data-element_type=\"widget\" data-widget_type=\"text-editor.default\">\n\t\t\t\t<div class=\"elementor-widget-container\">\n\t\t\t\t\t\t\t\t\t<p>Coordinaci\u00f3 d&#8217;Execuci\u00f3<\/p>\n\t\t\t\t\t\t\t\t<\/div>\n\t\t\t\t<\/div>\n\t\t\t\t<div class=\"elementor-element elementor-element-712c4d9 elementor-widget elementor-widget-text-editor\" data-id=\"712c4d9\" data-element_type=\"widget\" data-widget_type=\"text-editor.default\">\n\t\t\t\t<div class=\"elementor-widget-container\">\n\t\t\t\t\t\t\t\t\t<p>Oferim la nostra experi\u00e8ncia per a dur a terme la coordinaci\u00f3 i acompanyament amb la resta dels professionals implicats.<\/p>\n\t\t\t\t\t\t\t\t<\/div>\n\t\t\t\t<\/div>\n\t\t\t\t\t<\/div>\n\t\t\t\t<\/div>\n\t\t<div class=\"elementor-element elementor-element-cf464d2 e-flex e-con-boxed e-con e-child\" data-id=\"cf464d2\" data-element_type=\"container\" data-settings=\"{&quot;background_background&quot;:&quot;classic&quot;}\">\n\t\t\t\t\t<div class=\"e-con-inner\">\n\t\t\t\t<div class=\"elementor-element elementor-element-e995e37 elementor-widget elementor-widget-text-editor\" data-id=\"e995e37\" data-element_type=\"widget\" data-widget_type=\"text-editor.default\">\n\t\t\t\t<div class=\"elementor-widget-container\">\n\t\t\t\t\t\t\t\t\t<p>Control de qualitat<\/p>\n\t\t\t\t\t\t\t\t<\/div>\n\t\t\t\t<\/div>\n\t\t\t\t<div class=\"elementor-element elementor-element-298b3c5 elementor-widget elementor-widget-text-editor\" data-id=\"298b3c5\" data-element_type=\"widget\" data-widget_type=\"text-editor.default\">\n\t\t\t\t<div class=\"elementor-widget-container\">\n\t\t\t\t\t\t\t\t\t<p>El control de qualitat abasta des dels materials i m\u00e0 d&#8217;obra, fins al resultat final.<\/p>\n\t\t\t\t\t\t\t\t<\/div>\n\t\t\t\t<\/div>\n\t\t\t\t\t<\/div>\n\t\t\t\t<\/div>\n\t\t<div class=\"elementor-element elementor-element-b359872 e-flex e-con-boxed e-con e-child\" data-id=\"b359872\" data-element_type=\"container\" data-settings=\"{&quot;background_background&quot;:&quot;classic&quot;}\">\n\t\t\t\t\t<div class=\"e-con-inner\">\n\t\t\t\t<div class=\"elementor-element elementor-element-d99f750 elementor-widget elementor-widget-text-editor\" data-id=\"d99f750\" data-element_type=\"widget\" data-widget_type=\"text-editor.default\">\n\t\t\t\t<div class=\"elementor-widget-container\">\n\t\t\t\t\t\t\t\t\t<p>Planificaci\u00f3 i seguiment<\/p>\n\t\t\t\t\t\t\t\t<\/div>\n\t\t\t\t<\/div>\n\t\t\t\t<div class=\"elementor-element elementor-element-428e92d elementor-widget elementor-widget-text-editor\" data-id=\"428e92d\" data-element_type=\"widget\" data-widget_type=\"text-editor.default\">\n\t\t\t\t<div class=\"elementor-widget-container\">\n\t\t\t\t\t\t\t\t\t<p>Planifiquem els nostres treballs per a optimitzar el temps i la m\u00e0 d&#8217;obra necessaris per a aconseguir la m\u00e0xima efic\u00e0cia.<\/p>\n\t\t\t\t\t\t\t\t<\/div>\n\t\t\t\t<\/div>\n\t\t\t\t\t<\/div>\n\t\t\t\t<\/div>\n\t\t\t\t\t<\/div>\n\t\t\t\t<\/div>\n\t\t<div class=\"elementor-element elementor-element-2294746 e-flex e-con-boxed e-con e-child\" data-id=\"2294746\" data-element_type=\"container\">\n\t\t\t\t\t<div class=\"e-con-inner\">\n\t\t<div class=\"elementor-element elementor-element-e6a0407 e-flex e-con-boxed e-con e-child\" data-id=\"e6a0407\" data-element_type=\"container\" data-settings=\"{&quot;background_background&quot;:&quot;classic&quot;}\">\n\t\t\t\t\t<div class=\"e-con-inner\">\n\t\t\t\t<div class=\"elementor-element elementor-element-8228d08 elementor-widget elementor-widget-text-editor\" data-id=\"8228d08\" data-element_type=\"widget\" data-widget_type=\"text-editor.default\">\n\t\t\t\t<div class=\"elementor-widget-container\">\n\t\t\t\t\t\t\t\t\t<p>Comunicaci\u00f3 i disponibilitat<\/p>\n\t\t\t\t\t\t\t\t<\/div>\n\t\t\t\t<\/div>\n\t\t\t\t<div class=\"elementor-element elementor-element-2481796 elementor-widget elementor-widget-text-editor\" data-id=\"2481796\" data-element_type=\"widget\" data-widget_type=\"text-editor.default\">\n\t\t\t\t<div class=\"elementor-widget-container\">\n\t\t\t\t\t\t\t\t\t<p>Estem en cont\u00ednua comunicaci\u00f3 amb tots els representants implicats en el desenvolupament del projecte.<\/p>\n\t\t\t\t\t\t\t\t<\/div>\n\t\t\t\t<\/div>\n\t\t\t\t\t<\/div>\n\t\t\t\t<\/div>\n\t\t<div class=\"elementor-element elementor-element-d011e16 e-flex e-con-boxed e-con e-child\" data-id=\"d011e16\" data-element_type=\"container\" data-settings=\"{&quot;background_background&quot;:&quot;classic&quot;}\">\n\t\t\t\t\t<div class=\"e-con-inner\">\n\t\t\t\t<div class=\"elementor-element elementor-element-37c512c elementor-widget elementor-widget-text-editor\" data-id=\"37c512c\" data-element_type=\"widget\" data-widget_type=\"text-editor.default\">\n\t\t\t\t<div class=\"elementor-widget-container\">\n\t\t\t\t\t\t\t\t\t<p>Seguretat i prevenci\u00f3<\/p>\n\t\t\t\t\t\t\t\t<\/div>\n\t\t\t\t<\/div>\n\t\t\t\t<div class=\"elementor-element elementor-element-9e49125 elementor-widget elementor-widget-text-editor\" data-id=\"9e49125\" data-element_type=\"widget\" data-widget_type=\"text-editor.default\">\n\t\t\t\t<div class=\"elementor-widget-container\">\n\t\t\t\t\t\t\t\t\t<p>Treballem des de la formaci\u00f3 i la prevenci\u00f3 per a aconseguir la m\u00e0xima seguretat: #ceroaccidenteslaborales<\/p>\n\t\t\t\t\t\t\t\t<\/div>\n\t\t\t\t<\/div>\n\t\t\t\t\t<\/div>\n\t\t\t\t<\/div>\n\t\t<div class=\"elementor-element elementor-element-f6bd13e e-flex e-con-boxed e-con e-child\" data-id=\"f6bd13e\" data-element_type=\"container\" data-settings=\"{&quot;background_background&quot;:&quot;classic&quot;}\">\n\t\t\t\t\t<div class=\"e-con-inner\">\n\t\t\t\t<div class=\"elementor-element elementor-element-9e4d2f7 elementor-widget elementor-widget-text-editor\" data-id=\"9e4d2f7\" data-element_type=\"widget\" data-widget_type=\"text-editor.default\">\n\t\t\t\t<div class=\"elementor-widget-container\">\n\t\t\t\t\t\t\t\t\t<p>Neteja i ordre<\/p>\n\t\t\t\t\t\t\t\t<\/div>\n\t\t\t\t<\/div>\n\t\t\t\t<div class=\"elementor-element elementor-element-91c2dbf elementor-widget elementor-widget-text-editor\" data-id=\"91c2dbf\" data-element_type=\"widget\" data-widget_type=\"text-editor.default\">\n\t\t\t\t<div class=\"elementor-widget-container\">\n\t\t\t\t\t\t\t\t\t<p>L&#8217;organitzaci\u00f3 i neteja en el treball \u00e9s la base del bon funcionament i optimitza els resultats.<\/p>\n\t\t\t\t\t\t\t\t<\/div>\n\t\t\t\t<\/div>\n\t\t\t\t\t<\/div>\n\t\t\t\t<\/div>\n\t\t<div class=\"elementor-element elementor-element-17bec2f e-flex e-con-boxed e-con e-child\" data-id=\"17bec2f\" data-element_type=\"container\" data-settings=\"{&quot;background_background&quot;:&quot;classic&quot;}\">\n\t\t\t\t\t<div class=\"e-con-inner\">\n\t\t\t\t<div class=\"elementor-element elementor-element-a2c2c65 elementor-widget elementor-widget-text-editor\" data-id=\"a2c2c65\" data-element_type=\"widget\" data-widget_type=\"text-editor.default\">\n\t\t\t\t<div class=\"elementor-widget-container\">\n\t\t\t\t\t\t\t\t\t<p>Respecte pel medi ambient<\/p>\n\t\t\t\t\t\t\t\t<\/div>\n\t\t\t\t<\/div>\n\t\t\t\t<div class=\"elementor-element elementor-element-f4c897f elementor-widget elementor-widget-text-editor\" data-id=\"f4c897f\" data-element_type=\"widget\" data-widget_type=\"text-editor.default\">\n\t\t\t\t<div class=\"elementor-widget-container\">\n\t\t\t\t\t\t\t\t\t<p>Comprom\u00eds mediambiental per a minimitzar l&#8217;impacte en l&#8217;entorn.<\/p>\n\t\t\t\t\t\t\t\t<\/div>\n\t\t\t\t<\/div>\n\t\t\t\t\t<\/div>\n\t\t\t\t<\/div>\n\t\t\t\t\t<\/div>\n\t\t\t\t<\/div>\n\t\t\t\t\t<\/div>\n\t\t\t\t<\/div>\n\t\t\t\t<\/div>\n\t\t","protected":false},"excerpt":{"rendered":"<p>* Serveis Especialistes en Fonamentacions I Estructures de Formig\u00f3 armat per als teus projectes Som aqu\u00ed per a ajudar-teen tot el que necessitis! El nostre objectiu \u00e9s encarregar-nos de la gesti\u00f3 completa de l&#8217;obra contractada, des del replanteig inicial fins al lliurament final. Aix\u00f2 inclou el control dels treballs d&#8217;excavaci\u00f3, l&#8217;organitzaci\u00f3 i coordinaci\u00f3 de tots [&hellip;]<\/p>\n","protected":false},"author":1,"featured_media":0,"parent":0,"menu_order":0,"comment_status":"closed","ping_status":"closed","template":"elementor_header_footer","meta":{"footnotes":""},"class_list":["post-1065","page","type-page","status-publish","hentry"],"yoast_head":"<!-- This site is optimized with the Yoast SEO plugin v24.2 - https:\/\/yoast.com\/wordpress\/plugins\/seo\/ -->\n<title>Fonamentacions especials Lleida<\/title>\n<meta name=\"description\" content=\"Transforma les teves idees en realitat amb el nostre equip a Lleida. Fonamentacions i estructures de formig\u00f3 dissenyades amb precisi\u00f3 i constru\u00efdes amb excel\u00b7l\u00e8ncia. Descobreix la difer\u00e8ncia en cada detall.\" \/>\n<meta name=\"robots\" content=\"index, follow, max-snippet:-1, max-image-preview:large, max-video-preview:-1\" \/>\n<link rel=\"canonical\" href=\"https:\/\/grupgr.com\/ca\/serveis\/\" \/>\n<meta property=\"og:locale\" content=\"ca_ES\" \/>\n<meta property=\"og:type\" content=\"article\" \/>\n<meta property=\"og:title\" content=\"Fonamentacions especials Lleida\" \/>\n<meta property=\"og:description\" content=\"Transforma les teves idees en realitat amb el nostre equip a Lleida. Fonamentacions i estructures de formig\u00f3 dissenyades amb precisi\u00f3 i constru\u00efdes amb excel\u00b7l\u00e8ncia. Descobreix la difer\u00e8ncia en cada detall.\" \/>\n<meta property=\"og:url\" content=\"https:\/\/grupgr.com\/ca\/serveis\/\" \/>\n<meta property=\"og:site_name\" content=\"L.C. Ejecuci\u00f3n de obras\" \/>\n<meta property=\"article:modified_time\" content=\"2024-03-27T13:12:06+00:00\" \/>\n<meta name=\"twitter:card\" content=\"summary_large_image\" \/>\n<meta name=\"twitter:label1\" content=\"Temps estimat de lectura\" \/>\n\t<meta name=\"twitter:data1\" content=\"1 minut\" \/>\n<script type=\"application\/ld+json\" class=\"yoast-schema-graph\">{\"@context\":\"https:\/\/schema.org\",\"@graph\":[{\"@type\":\"WebPage\",\"@id\":\"https:\/\/grupgr.com\/ca\/serveis\/\",\"url\":\"https:\/\/grupgr.com\/ca\/serveis\/\",\"name\":\"Fonamentacions especials Lleida\",\"isPartOf\":{\"@id\":\"https:\/\/grupgr.com\/ca\/#website\"},\"datePublished\":\"2024-02-15T11:14:59+00:00\",\"dateModified\":\"2024-03-27T13:12:06+00:00\",\"description\":\"Transforma les teves idees en realitat amb el nostre equip a Lleida. Fonamentacions i estructures de formig\u00f3 dissenyades amb precisi\u00f3 i constru\u00efdes amb excel\u00b7l\u00e8ncia. Descobreix la difer\u00e8ncia en cada detall.\",\"breadcrumb\":{\"@id\":\"https:\/\/grupgr.com\/ca\/serveis\/#breadcrumb\"},\"inLanguage\":\"ca\",\"potentialAction\":[{\"@type\":\"ReadAction\",\"target\":[\"https:\/\/grupgr.com\/ca\/serveis\/\"]}]},{\"@type\":\"BreadcrumbList\",\"@id\":\"https:\/\/grupgr.com\/ca\/serveis\/#breadcrumb\",\"itemListElement\":[{\"@type\":\"ListItem\",\"position\":1,\"name\":\"Portada\",\"item\":\"https:\/\/grupgr.com\/ca\/\"},{\"@type\":\"ListItem\",\"position\":2,\"name\":\"Serveis\"}]},{\"@type\":\"WebSite\",\"@id\":\"https:\/\/grupgr.com\/ca\/#website\",\"url\":\"https:\/\/grupgr.com\/ca\/\",\"name\":\"L.C. Ejecuci\u00f3n de obras\",\"description\":\"\",\"potentialAction\":[{\"@type\":\"SearchAction\",\"target\":{\"@type\":\"EntryPoint\",\"urlTemplate\":\"https:\/\/grupgr.com\/ca\/?s={search_term_string}\"},\"query-input\":{\"@type\":\"PropertyValueSpecification\",\"valueRequired\":true,\"valueName\":\"search_term_string\"}}],\"inLanguage\":\"ca\"}]}<\/script>\n<!-- \/ Yoast SEO plugin. -->","yoast_head_json":{"title":"Fonamentacions especials Lleida","description":"Transforma les teves idees en realitat amb el nostre equip a Lleida. Fonamentacions i estructures de formig\u00f3 dissenyades amb precisi\u00f3 i constru\u00efdes amb excel\u00b7l\u00e8ncia. Descobreix la difer\u00e8ncia en cada detall.","robots":{"index":"index","follow":"follow","max-snippet":"max-snippet:-1","max-image-preview":"max-image-preview:large","max-video-preview":"max-video-preview:-1"},"canonical":"https:\/\/grupgr.com\/ca\/serveis\/","og_locale":"ca_ES","og_type":"article","og_title":"Fonamentacions especials Lleida","og_description":"Transforma les teves idees en realitat amb el nostre equip a Lleida. Fonamentacions i estructures de formig\u00f3 dissenyades amb precisi\u00f3 i constru\u00efdes amb excel\u00b7l\u00e8ncia. Descobreix la difer\u00e8ncia en cada detall.","og_url":"https:\/\/grupgr.com\/ca\/serveis\/","og_site_name":"L.C. Ejecuci\u00f3n de obras","article_modified_time":"2024-03-27T13:12:06+00:00","twitter_card":"summary_large_image","twitter_misc":{"Temps estimat de lectura":"1 minut"},"schema":{"@context":"https:\/\/schema.org","@graph":[{"@type":"WebPage","@id":"https:\/\/grupgr.com\/ca\/serveis\/","url":"https:\/\/grupgr.com\/ca\/serveis\/","name":"Fonamentacions especials Lleida","isPartOf":{"@id":"https:\/\/grupgr.com\/ca\/#website"},"datePublished":"2024-02-15T11:14:59+00:00","dateModified":"2024-03-27T13:12:06+00:00","description":"Transforma les teves idees en realitat amb el nostre equip a Lleida. Fonamentacions i estructures de formig\u00f3 dissenyades amb precisi\u00f3 i constru\u00efdes amb excel\u00b7l\u00e8ncia. Descobreix la difer\u00e8ncia en cada detall.","breadcrumb":{"@id":"https:\/\/grupgr.com\/ca\/serveis\/#breadcrumb"},"inLanguage":"ca","potentialAction":[{"@type":"ReadAction","target":["https:\/\/grupgr.com\/ca\/serveis\/"]}]},{"@type":"BreadcrumbList","@id":"https:\/\/grupgr.com\/ca\/serveis\/#breadcrumb","itemListElement":[{"@type":"ListItem","position":1,"name":"Portada","item":"https:\/\/grupgr.com\/ca\/"},{"@type":"ListItem","position":2,"name":"Serveis"}]},{"@type":"WebSite","@id":"https:\/\/grupgr.com\/ca\/#website","url":"https:\/\/grupgr.com\/ca\/","name":"L.C. Ejecuci\u00f3n de obras","description":"","potentialAction":[{"@type":"SearchAction","target":{"@type":"EntryPoint","urlTemplate":"https:\/\/grupgr.com\/ca\/?s={search_term_string}"},"query-input":{"@type":"PropertyValueSpecification","valueRequired":true,"valueName":"search_term_string"}}],"inLanguage":"ca"}]}},"_links":{"self":[{"href":"https:\/\/grupgr.com\/ca\/wp-json\/wp\/v2\/pages\/1065","targetHints":{"allow":["GET"]}}],"collection":[{"href":"https:\/\/grupgr.com\/ca\/wp-json\/wp\/v2\/pages"}],"about":[{"href":"https:\/\/grupgr.com\/ca\/wp-json\/wp\/v2\/types\/page"}],"author":[{"embeddable":true,"href":"https:\/\/grupgr.com\/ca\/wp-json\/wp\/v2\/users\/1"}],"replies":[{"embeddable":true,"href":"https:\/\/grupgr.com\/ca\/wp-json\/wp\/v2\/comments?post=1065"}],"version-history":[{"count":9,"href":"https:\/\/grupgr.com\/ca\/wp-json\/wp\/v2\/pages\/1065\/revisions"}],"predecessor-version":[{"id":1176,"href":"https:\/\/grupgr.com\/ca\/wp-json\/wp\/v2\/pages\/1065\/revisions\/1176"}],"wp:attachment":[{"href":"https:\/\/grupgr.com\/ca\/wp-json\/wp\/v2\/media?parent=1065"}],"curies":[{"name":"wp","href":"https:\/\/api.w.org\/{rel}","templated":true}]}}