{"id":1057,"date":"2024-02-15T10:56:00","date_gmt":"2024-02-15T10:56:00","guid":{"rendered":"https:\/\/grupgr.panelserver.org\/sobre-nosaltres\/"},"modified":"2024-05-20T10:29:12","modified_gmt":"2024-05-20T10:29:12","slug":"sobre-nosaltres","status":"publish","type":"page","link":"https:\/\/grupgr.com\/ca\/sobre-nosaltres\/","title":{"rendered":"Sobre nosaltres"},"content":{"rendered":"\t\t<div data-elementor-type=\"wp-page\" data-elementor-id=\"1057\" class=\"elementor elementor-1057 elementor-65\" data-elementor-post-type=\"page\">\n\t\t\t\t<div class=\"elementor-element elementor-element-b38968c e-flex e-con-boxed e-con e-parent\" data-id=\"b38968c\" data-element_type=\"container\" data-settings=\"{&quot;background_background&quot;:&quot;classic&quot;}\">\n\t\t\t\t\t<div class=\"e-con-inner\">\n\t\t<div class=\"elementor-element elementor-element-6122c04 e-flex e-con-boxed e-con e-child\" data-id=\"6122c04\" data-element_type=\"container\">\n\t\t\t\t\t<div class=\"e-con-inner\">\n\t\t<div class=\"elementor-element elementor-element-9252908 e-con-full e-flex elementor-invisible e-con e-child\" data-id=\"9252908\" data-element_type=\"container\" data-settings=\"{&quot;background_background&quot;:&quot;classic&quot;,&quot;animation&quot;:&quot;fadeInUp&quot;}\">\n\t\t\t\t<div class=\"elementor-element elementor-element-c1886c6 elementor-widget elementor-widget-text-editor\" data-id=\"c1886c6\" data-element_type=\"widget\" data-widget_type=\"text-editor.default\">\n\t\t\t\t<div class=\"elementor-widget-container\">\n\t\t\t\t\t\t\t\t\t<p>*<\/p>\n\t\t\t\t\t\t\t\t<\/div>\n\t\t\t\t<\/div>\n\t\t\t\t<div class=\"elementor-element elementor-element-8acc4a5 elementor-widget elementor-widget-heading\" data-id=\"8acc4a5\" data-element_type=\"widget\" data-widget_type=\"heading.default\">\n\t\t\t\t<div class=\"elementor-widget-container\">\n\t\t\t\t\t<h2 class=\"elementor-heading-title elementor-size-default\">Sobre nosaltres<\/h2>\t\t\t\t<\/div>\n\t\t\t\t<\/div>\n\t\t\t\t<div class=\"elementor-element elementor-element-b788129 elementor-widget elementor-widget-heading\" data-id=\"b788129\" data-element_type=\"widget\" data-widget_type=\"heading.default\">\n\t\t\t\t<div class=\"elementor-widget-container\">\n\t\t\t\t\t<h1 class=\"elementor-heading-title elementor-size-default\">Som la teva empresa de treballs estructurals de confian\u00e7a a Catalunya i Arag\u00f3<\/h1>\t\t\t\t<\/div>\n\t\t\t\t<\/div>\n\t\t\t\t<\/div>\n\t\t<div class=\"elementor-element elementor-element-3f2fc9d e-flex e-con-boxed e-con e-child\" data-id=\"3f2fc9d\" data-element_type=\"container\">\n\t\t\t\t\t<div class=\"e-con-inner\">\n\t\t\t\t\t<\/div>\n\t\t\t\t<\/div>\n\t\t<div class=\"elementor-element elementor-element-408a48d e-flex e-con-boxed e-con e-child\" data-id=\"408a48d\" data-element_type=\"container\">\n\t\t\t\t\t<div class=\"e-con-inner\">\n\t\t\t\t\t<\/div>\n\t\t\t\t<\/div>\n\t\t\t\t\t<\/div>\n\t\t\t\t<\/div>\n\t\t\t\t\t<\/div>\n\t\t\t\t<\/div>\n\t\t<div class=\"elementor-element elementor-element-82a849d e-con-full e-flex e-con e-parent\" data-id=\"82a849d\" data-element_type=\"container\">\n\t\t<div class=\"elementor-element elementor-element-b3418c2 e-con-full e-flex elementor-invisible e-con e-child\" data-id=\"b3418c2\" data-element_type=\"container\" data-settings=\"{&quot;animation&quot;:&quot;fadeInLeft&quot;}\">\n\t\t\t\t<div class=\"elementor-element elementor-element-3e406a1 elementor-widget elementor-widget-heading\" data-id=\"3e406a1\" data-element_type=\"widget\" data-widget_type=\"heading.default\">\n\t\t\t\t<div class=\"elementor-widget-container\">\n\t\t\t\t\t<h2 class=\"elementor-heading-title elementor-size-default\">LC EJECUCI\u00d3N DE OBRAS IN SITU<\/h2>\t\t\t\t<\/div>\n\t\t\t\t<\/div>\n\t\t\t\t<div class=\"elementor-element elementor-element-1fb3292 elementor-widget elementor-widget-text-editor\" data-id=\"1fb3292\" data-element_type=\"widget\" data-widget_type=\"text-editor.default\">\n\t\t\t\t<div class=\"elementor-widget-container\">\n\t\t\t\t\t\t\t\t\t<p>La nostra empresa actualment est\u00e0 en mans de la segona generaci\u00f3 i ens enorgulleix dir que hem aconseguit mantenir els valors i l&#8217;\u00e8tica de treballs caracter\u00edstics des dels inicis d&#8217;aquesta.<\/p>\n\t\t\t\t\t\t\t\t<\/div>\n\t\t\t\t<\/div>\n\t\t\t\t<\/div>\n\t\t<div class=\"elementor-element elementor-element-2d1fe77 e-con-full e-flex elementor-invisible e-con e-child\" data-id=\"2d1fe77\" data-element_type=\"container\" data-settings=\"{&quot;background_background&quot;:&quot;classic&quot;,&quot;animation&quot;:&quot;fadeInRight&quot;}\">\n\t\t\t\t<\/div>\n\t\t\t\t<\/div>\n\t\t<div class=\"elementor-element elementor-element-5d327f2 e-flex e-con-boxed e-con e-parent\" data-id=\"5d327f2\" data-element_type=\"container\">\n\t\t\t\t\t<div class=\"e-con-inner\">\n\t\t<div class=\"elementor-element elementor-element-1dfc10b e-con-full e-flex e-con e-child\" data-id=\"1dfc10b\" data-element_type=\"container\">\n\t\t\t\t<div class=\"elementor-element elementor-element-1fe572b elementor-widget elementor-widget-counter\" data-id=\"1fe572b\" data-element_type=\"widget\" data-widget_type=\"counter.default\">\n\t\t\t\t<div class=\"elementor-widget-container\">\n\t\t\t\t\t\t\t<div class=\"elementor-counter\">\n\t\t\t<div class=\"elementor-counter-title\">Anys d'experi\u00e8ncia<\/div>\t\t\t<div class=\"elementor-counter-number-wrapper\">\n\t\t\t\t<span class=\"elementor-counter-number-prefix\">+<\/span>\n\t\t\t\t<span class=\"elementor-counter-number\" data-duration=\"2000\" data-to-value=\"45\" data-from-value=\"0\" data-delimiter=\",\">0<\/span>\n\t\t\t\t<span class=\"elementor-counter-number-suffix\"><\/span>\n\t\t\t<\/div>\n\t\t<\/div>\n\t\t\t\t\t\t<\/div>\n\t\t\t\t<\/div>\n\t\t\t\t<\/div>\n\t\t<div class=\"elementor-element elementor-element-567d38a e-con-full e-flex e-con e-child\" data-id=\"567d38a\" data-element_type=\"container\">\n\t\t\t\t<div class=\"elementor-element elementor-element-31691cf elementor-widget elementor-widget-counter\" data-id=\"31691cf\" data-element_type=\"widget\" data-widget_type=\"counter.default\">\n\t\t\t\t<div class=\"elementor-widget-container\">\n\t\t\t\t\t\t\t<div class=\"elementor-counter\">\n\t\t\t<div class=\"elementor-counter-title\">Obres executades<\/div>\t\t\t<div class=\"elementor-counter-number-wrapper\">\n\t\t\t\t<span class=\"elementor-counter-number-prefix\">+<\/span>\n\t\t\t\t<span class=\"elementor-counter-number\" data-duration=\"2000\" data-to-value=\"700\" data-from-value=\"0\" data-delimiter=\",\">0<\/span>\n\t\t\t\t<span class=\"elementor-counter-number-suffix\"><\/span>\n\t\t\t<\/div>\n\t\t<\/div>\n\t\t\t\t\t\t<\/div>\n\t\t\t\t<\/div>\n\t\t\t\t<\/div>\n\t\t\t\t\t<\/div>\n\t\t\t\t<\/div>\n\t\t<div class=\"elementor-element elementor-element-aac8149 e-con-full e-flex e-con e-parent\" data-id=\"aac8149\" data-element_type=\"container\">\n\t\t<div class=\"elementor-element elementor-element-2bce288 e-con-full e-flex elementor-invisible e-con e-child\" data-id=\"2bce288\" data-element_type=\"container\" data-settings=\"{&quot;background_background&quot;:&quot;classic&quot;,&quot;animation&quot;:&quot;fadeInRight&quot;}\">\n\t\t\t\t<\/div>\n\t\t<div class=\"elementor-element elementor-element-9aaed9c e-con-full e-flex elementor-invisible e-con e-child\" data-id=\"9aaed9c\" data-element_type=\"container\" data-settings=\"{&quot;animation&quot;:&quot;fadeInLeft&quot;}\">\n\t\t\t\t<div class=\"elementor-element elementor-element-420d25e elementor-widget elementor-widget-text-editor\" data-id=\"420d25e\" data-element_type=\"widget\" data-widget_type=\"text-editor.default\">\n\t\t\t\t<div class=\"elementor-widget-container\">\n\t\t\t\t\t\t\t\t\t<p>Comptem amb un equip hum\u00e0 especialitzat, format en la pr\u00f2pia companyia i en constant evoluci\u00f3. La professionalitat del nostre equip est\u00e0 avalada per la nostra experi\u00e8ncia en el sector i la seva consolidaci\u00f3 al llarg dels anys.<\/p>\n<p>A m\u00e9s, ens assegurem que el nostre equip hum\u00e0 estigui en constant formaci\u00f3 i actualitzaci\u00f3. D&#8217;aquesta manera, podem garantir que els nostres clients sempre rebin el millor servei possible.<\/p>\n\t\t\t\t\t\t\t\t<\/div>\n\t\t\t\t<\/div>\n\t\t\t\t<\/div>\n\t\t\t\t<\/div>\n\t\t<div class=\"elementor-element elementor-element-85e8792 e-flex e-con-boxed e-con e-parent\" data-id=\"85e8792\" data-element_type=\"container\">\n\t\t\t\t\t<div class=\"e-con-inner\">\n\t\t\t\t<div class=\"elementor-element elementor-element-891ee0a elementor-widget elementor-widget-spacer\" data-id=\"891ee0a\" data-element_type=\"widget\" data-widget_type=\"spacer.default\">\n\t\t\t\t<div class=\"elementor-widget-container\">\n\t\t\t\t\t\t\t<div class=\"elementor-spacer\">\n\t\t\t<div class=\"elementor-spacer-inner\"><\/div>\n\t\t<\/div>\n\t\t\t\t\t\t<\/div>\n\t\t\t\t<\/div>\n\t\t\t\t<div class=\"elementor-element elementor-element-4a93468 elementor-widget elementor-widget-heading\" data-id=\"4a93468\" data-element_type=\"widget\" data-widget_type=\"heading.default\">\n\t\t\t\t<div class=\"elementor-widget-container\">\n\t\t\t\t\t<h2 class=\"elementor-heading-title elementor-size-default\">Som aqu\u00ed per a ajudar-te en tot el que necessitis!<\/h2>\t\t\t\t<\/div>\n\t\t\t\t<\/div>\n\t\t\t\t<div class=\"elementor-element elementor-element-baa1901 elementor-widget elementor-widget-text-editor\" data-id=\"baa1901\" data-element_type=\"widget\" data-widget_type=\"text-editor.default\">\n\t\t\t\t<div class=\"elementor-widget-container\">\n\t\t\t\t\t\t\t\t\t<p><span class=\"OYPEnA text-decoration-none text-strikethrough-none\">Ens comprometem a complir amb els acords econ\u00f2mics i els terminis d&#8217;execuci\u00f3<br \/>establerts, aix\u00ed com amb qualsevol altra estipulaci\u00f3 acordada.<\/span><\/p>\n\t\t\t\t\t\t\t\t<\/div>\n\t\t\t\t<\/div>\n\t\t\t\t<div class=\"elementor-element elementor-element-d9a45b6 elementor-align-center elementor-widget elementor-widget-button\" data-id=\"d9a45b6\" data-element_type=\"widget\" data-widget_type=\"button.default\">\n\t\t\t\t<div class=\"elementor-widget-container\">\n\t\t\t\t\t\t\t\t\t<div class=\"elementor-button-wrapper\">\n\t\t\t\t\t<a class=\"elementor-button elementor-button-link elementor-size-sm\" href=\"https:\/\/grupgr.com\/servicios\/\">\n\t\t\t\t\t\t<span class=\"elementor-button-content-wrapper\">\n\t\t\t\t\t\t\t\t\t<span class=\"elementor-button-text\">Saber m\u00e9s!<\/span>\n\t\t\t\t\t<\/span>\n\t\t\t\t\t<\/a>\n\t\t\t\t<\/div>\n\t\t\t\t\t\t\t\t<\/div>\n\t\t\t\t<\/div>\n\t\t\t\t<div class=\"elementor-element elementor-element-fbd7768 elementor-widget elementor-widget-spacer\" data-id=\"fbd7768\" data-element_type=\"widget\" data-widget_type=\"spacer.default\">\n\t\t\t\t<div class=\"elementor-widget-container\">\n\t\t\t\t\t\t\t<div class=\"elementor-spacer\">\n\t\t\t<div class=\"elementor-spacer-inner\"><\/div>\n\t\t<\/div>\n\t\t\t\t\t\t<\/div>\n\t\t\t\t<\/div>\n\t\t<div class=\"elementor-element elementor-element-f033c3a e-flex e-con-boxed e-con e-child\" data-id=\"f033c3a\" data-element_type=\"container\">\n\t\t\t\t\t<div class=\"e-con-inner\">\n\t\t<div class=\"elementor-element elementor-element-d15ccbe e-flex e-con-boxed e-con e-child\" data-id=\"d15ccbe\" data-element_type=\"container\" data-settings=\"{&quot;background_background&quot;:&quot;classic&quot;}\">\n\t\t\t\t\t<div class=\"e-con-inner\">\n\t\t\t\t<div class=\"elementor-element elementor-element-b04db72 elementor-widget elementor-widget-text-editor\" data-id=\"b04db72\" data-element_type=\"widget\" data-widget_type=\"text-editor.default\">\n\t\t\t\t<div class=\"elementor-widget-container\">\n\t\t\t\t\t\t\t\t\t<p>Qualitat<\/p>\n\t\t\t\t\t\t\t\t<\/div>\n\t\t\t\t<\/div>\n\t\t\t\t\t<\/div>\n\t\t\t\t<\/div>\n\t\t<div class=\"elementor-element elementor-element-d723bb6 e-flex e-con-boxed e-con e-child\" data-id=\"d723bb6\" data-element_type=\"container\" data-settings=\"{&quot;background_background&quot;:&quot;classic&quot;}\">\n\t\t\t\t\t<div class=\"e-con-inner\">\n\t\t\t\t<div class=\"elementor-element elementor-element-d862e37 elementor-widget elementor-widget-text-editor\" data-id=\"d862e37\" data-element_type=\"widget\" data-widget_type=\"text-editor.default\">\n\t\t\t\t<div class=\"elementor-widget-container\">\n\t\t\t\t\t\t\t\t\t<p>Seguretat<\/p>\n\t\t\t\t\t\t\t\t<\/div>\n\t\t\t\t<\/div>\n\t\t\t\t\t<\/div>\n\t\t\t\t<\/div>\n\t\t<div class=\"elementor-element elementor-element-bc71096 e-flex e-con-boxed e-con e-child\" data-id=\"bc71096\" data-element_type=\"container\" data-settings=\"{&quot;background_background&quot;:&quot;classic&quot;}\">\n\t\t\t\t\t<div class=\"e-con-inner\">\n\t\t\t\t<div class=\"elementor-element elementor-element-143abce elementor-widget elementor-widget-text-editor\" data-id=\"143abce\" data-element_type=\"widget\" data-widget_type=\"text-editor.default\">\n\t\t\t\t<div class=\"elementor-widget-container\">\n\t\t\t\t\t\t\t\t\t<p>Medi<br \/>Ambient<\/p>\n\t\t\t\t\t\t\t\t<\/div>\n\t\t\t\t<\/div>\n\t\t\t\t\t<\/div>\n\t\t\t\t<\/div>\n\t\t<div class=\"elementor-element elementor-element-7293edb e-flex e-con-boxed e-con e-child\" data-id=\"7293edb\" data-element_type=\"container\" data-settings=\"{&quot;background_background&quot;:&quot;classic&quot;}\">\n\t\t\t\t\t<div class=\"e-con-inner\">\n\t\t\t\t<div class=\"elementor-element elementor-element-6b3eb01 elementor-widget elementor-widget-text-editor\" data-id=\"6b3eb01\" data-element_type=\"widget\" data-widget_type=\"text-editor.default\">\n\t\t\t\t<div class=\"elementor-widget-container\">\n\t\t\t\t\t\t\t\t\t<p><span class=\"OYPEnA text-decoration-none text-strikethrough-none\">Responsabilitat Social Corporativa<\/span><\/p>\t\t\t\t\t\t\t\t<\/div>\n\t\t\t\t<\/div>\n\t\t\t\t\t<\/div>\n\t\t\t\t<\/div>\n\t\t\t\t\t<\/div>\n\t\t\t\t<\/div>\n\t\t\t\t\t<\/div>\n\t\t\t\t<\/div>\n\t\t\t\t<\/div>\n\t\t","protected":false},"excerpt":{"rendered":"<p>* Sobre nosaltres Som la teva empresa de treballs estructurals de confian\u00e7a a Catalunya i Arag\u00f3 LC EJECUCI\u00d3N DE OBRAS IN SITU La nostra empresa actualment est\u00e0 en mans de la segona generaci\u00f3 i ens enorgulleix dir que hem aconseguit mantenir els valors i l&#8217;\u00e8tica de treballs caracter\u00edstics des dels inicis d&#8217;aquesta. + 0 Anys [&hellip;]<\/p>\n","protected":false},"author":1,"featured_media":0,"parent":0,"menu_order":0,"comment_status":"closed","ping_status":"closed","template":"elementor_header_footer","meta":{"footnotes":""},"class_list":["post-1057","page","type-page","status-publish","hentry"],"yoast_head":"<!-- This site is optimized with the Yoast SEO plugin v24.2 - https:\/\/yoast.com\/wordpress\/plugins\/seo\/ -->\n<title>Assessorament treballs formig\u00f3 armat Lleida<\/title>\n<meta name=\"description\" content=\"Especialistes en fonamentacions i estructures de formig\u00f3 a Lleida. Des del disseny fins a l&#039;execuci\u00f3, oferim solucions professionals per a assegurar l&#039;estabilitat i resist\u00e8ncia dels teus projectes constructius.\" \/>\n<meta name=\"robots\" content=\"index, follow, max-snippet:-1, max-image-preview:large, max-video-preview:-1\" \/>\n<link rel=\"canonical\" href=\"https:\/\/grupgr.com\/ca\/sobre-nosaltres\/\" \/>\n<meta property=\"og:locale\" content=\"ca_ES\" \/>\n<meta property=\"og:type\" content=\"article\" \/>\n<meta property=\"og:title\" content=\"Assessorament treballs formig\u00f3 armat Lleida\" \/>\n<meta property=\"og:description\" content=\"Especialistes en fonamentacions i estructures de formig\u00f3 a Lleida. Des del disseny fins a l&#039;execuci\u00f3, oferim solucions professionals per a assegurar l&#039;estabilitat i resist\u00e8ncia dels teus projectes constructius.\" \/>\n<meta property=\"og:url\" content=\"https:\/\/grupgr.com\/ca\/sobre-nosaltres\/\" \/>\n<meta property=\"og:site_name\" content=\"L.C. Ejecuci\u00f3n de obras\" \/>\n<meta property=\"article:modified_time\" content=\"2024-05-20T10:29:12+00:00\" \/>\n<meta name=\"twitter:card\" content=\"summary_large_image\" \/>\n<meta name=\"twitter:label1\" content=\"Temps estimat de lectura\" \/>\n\t<meta name=\"twitter:data1\" content=\"1 minut\" \/>\n<script type=\"application\/ld+json\" class=\"yoast-schema-graph\">{\"@context\":\"https:\/\/schema.org\",\"@graph\":[{\"@type\":\"WebPage\",\"@id\":\"https:\/\/grupgr.com\/ca\/sobre-nosaltres\/\",\"url\":\"https:\/\/grupgr.com\/ca\/sobre-nosaltres\/\",\"name\":\"Assessorament treballs formig\u00f3 armat Lleida\",\"isPartOf\":{\"@id\":\"https:\/\/grupgr.com\/ca\/#website\"},\"datePublished\":\"2024-02-15T10:56:00+00:00\",\"dateModified\":\"2024-05-20T10:29:12+00:00\",\"description\":\"Especialistes en fonamentacions i estructures de formig\u00f3 a Lleida. Des del disseny fins a l'execuci\u00f3, oferim solucions professionals per a assegurar l'estabilitat i resist\u00e8ncia dels teus projectes constructius.\",\"breadcrumb\":{\"@id\":\"https:\/\/grupgr.com\/ca\/sobre-nosaltres\/#breadcrumb\"},\"inLanguage\":\"ca\",\"potentialAction\":[{\"@type\":\"ReadAction\",\"target\":[\"https:\/\/grupgr.com\/ca\/sobre-nosaltres\/\"]}]},{\"@type\":\"BreadcrumbList\",\"@id\":\"https:\/\/grupgr.com\/ca\/sobre-nosaltres\/#breadcrumb\",\"itemListElement\":[{\"@type\":\"ListItem\",\"position\":1,\"name\":\"Portada\",\"item\":\"https:\/\/grupgr.com\/ca\/\"},{\"@type\":\"ListItem\",\"position\":2,\"name\":\"Sobre nosaltres\"}]},{\"@type\":\"WebSite\",\"@id\":\"https:\/\/grupgr.com\/ca\/#website\",\"url\":\"https:\/\/grupgr.com\/ca\/\",\"name\":\"L.C. Ejecuci\u00f3n de obras\",\"description\":\"\",\"potentialAction\":[{\"@type\":\"SearchAction\",\"target\":{\"@type\":\"EntryPoint\",\"urlTemplate\":\"https:\/\/grupgr.com\/ca\/?s={search_term_string}\"},\"query-input\":{\"@type\":\"PropertyValueSpecification\",\"valueRequired\":true,\"valueName\":\"search_term_string\"}}],\"inLanguage\":\"ca\"}]}<\/script>\n<!-- \/ Yoast SEO plugin. -->","yoast_head_json":{"title":"Assessorament treballs formig\u00f3 armat Lleida","description":"Especialistes en fonamentacions i estructures de formig\u00f3 a Lleida. Des del disseny fins a l'execuci\u00f3, oferim solucions professionals per a assegurar l'estabilitat i resist\u00e8ncia dels teus projectes constructius.","robots":{"index":"index","follow":"follow","max-snippet":"max-snippet:-1","max-image-preview":"max-image-preview:large","max-video-preview":"max-video-preview:-1"},"canonical":"https:\/\/grupgr.com\/ca\/sobre-nosaltres\/","og_locale":"ca_ES","og_type":"article","og_title":"Assessorament treballs formig\u00f3 armat Lleida","og_description":"Especialistes en fonamentacions i estructures de formig\u00f3 a Lleida. Des del disseny fins a l'execuci\u00f3, oferim solucions professionals per a assegurar l'estabilitat i resist\u00e8ncia dels teus projectes constructius.","og_url":"https:\/\/grupgr.com\/ca\/sobre-nosaltres\/","og_site_name":"L.C. Ejecuci\u00f3n de obras","article_modified_time":"2024-05-20T10:29:12+00:00","twitter_card":"summary_large_image","twitter_misc":{"Temps estimat de lectura":"1 minut"},"schema":{"@context":"https:\/\/schema.org","@graph":[{"@type":"WebPage","@id":"https:\/\/grupgr.com\/ca\/sobre-nosaltres\/","url":"https:\/\/grupgr.com\/ca\/sobre-nosaltres\/","name":"Assessorament treballs formig\u00f3 armat Lleida","isPartOf":{"@id":"https:\/\/grupgr.com\/ca\/#website"},"datePublished":"2024-02-15T10:56:00+00:00","dateModified":"2024-05-20T10:29:12+00:00","description":"Especialistes en fonamentacions i estructures de formig\u00f3 a Lleida. Des del disseny fins a l'execuci\u00f3, oferim solucions professionals per a assegurar l'estabilitat i resist\u00e8ncia dels teus projectes constructius.","breadcrumb":{"@id":"https:\/\/grupgr.com\/ca\/sobre-nosaltres\/#breadcrumb"},"inLanguage":"ca","potentialAction":[{"@type":"ReadAction","target":["https:\/\/grupgr.com\/ca\/sobre-nosaltres\/"]}]},{"@type":"BreadcrumbList","@id":"https:\/\/grupgr.com\/ca\/sobre-nosaltres\/#breadcrumb","itemListElement":[{"@type":"ListItem","position":1,"name":"Portada","item":"https:\/\/grupgr.com\/ca\/"},{"@type":"ListItem","position":2,"name":"Sobre nosaltres"}]},{"@type":"WebSite","@id":"https:\/\/grupgr.com\/ca\/#website","url":"https:\/\/grupgr.com\/ca\/","name":"L.C. Ejecuci\u00f3n de obras","description":"","potentialAction":[{"@type":"SearchAction","target":{"@type":"EntryPoint","urlTemplate":"https:\/\/grupgr.com\/ca\/?s={search_term_string}"},"query-input":{"@type":"PropertyValueSpecification","valueRequired":true,"valueName":"search_term_string"}}],"inLanguage":"ca"}]}},"_links":{"self":[{"href":"https:\/\/grupgr.com\/ca\/wp-json\/wp\/v2\/pages\/1057","targetHints":{"allow":["GET"]}}],"collection":[{"href":"https:\/\/grupgr.com\/ca\/wp-json\/wp\/v2\/pages"}],"about":[{"href":"https:\/\/grupgr.com\/ca\/wp-json\/wp\/v2\/types\/page"}],"author":[{"embeddable":true,"href":"https:\/\/grupgr.com\/ca\/wp-json\/wp\/v2\/users\/1"}],"replies":[{"embeddable":true,"href":"https:\/\/grupgr.com\/ca\/wp-json\/wp\/v2\/comments?post=1057"}],"version-history":[{"count":8,"href":"https:\/\/grupgr.com\/ca\/wp-json\/wp\/v2\/pages\/1057\/revisions"}],"predecessor-version":[{"id":1335,"href":"https:\/\/grupgr.com\/ca\/wp-json\/wp\/v2\/pages\/1057\/revisions\/1335"}],"wp:attachment":[{"href":"https:\/\/grupgr.com\/ca\/wp-json\/wp\/v2\/media?parent=1057"}],"curies":[{"name":"wp","href":"https:\/\/api.w.org\/{rel}","templated":true}]}}